{"id":339,"date":"2023-08-01T12:33:13","date_gmt":"2023-08-01T12:33:13","guid":{"rendered":"https:\/\/panels.com.ee\/klimas\/?post_type=product&#038;p=339"},"modified":"2023-08-02T06:22:49","modified_gmt":"2023-08-02T06:22:49","slug":"pmpg-professional-low-expansion-gun-foam","status":"publish","type":"product","link":"https:\/\/factorymarket.ee\/klimas\/et\/product\/pmpg-professional-low-expansion-gun-foam\/","title":{"rendered":"PMPG &#8211; Professional low expansion gun foam"},"content":{"rendered":"","protected":false},"excerpt":{"rendered":"<div class=\"title-product-tax\"><strong>Usage<\/strong><\/div>\n<div class=\"product-tag\">Insulation of pipes<\/div>\n<div class=\"product-tag\">Installation of window sills<\/div>\n<div class=\"product-tag\">Embedding window blinds with maintenance of high thermal and sound protection properties<\/div>\n<div class=\"product-tag\">Sealing in window joinery installation<\/div>\n<div class=\"product-tag\">Sealing in door joinery installation<\/div>\n<div class=\"product-tag\">Soundproofing walls<\/div>\n<div class=\"product-tag\">Filling of penetrations and holes<\/div>\n<div><\/div>\n<div>\n<div class=\"title-product-tax\"><strong>Size chart<\/strong><\/div>\n<div><\/div>\n<div id=\"tablepress-1630_wrapper\" class=\"dataTables_wrapper no-footer\">\n<table id=\"tablepress-1630\" class=\"tablepress tablepress-id-1630 dataTable no-footer\" style=\"height: 80px;\" width=\"671\">\n<thead>\n<tr class=\"row-1 odd\">\n<th class=\"column-1 sorting_disabled\" colspan=\"1\" rowspan=\"1\">product code<\/th>\n<th class=\"column-2 sorting_disabled\" colspan=\"1\" rowspan=\"1\">color<\/th>\n<th class=\"column-3 sorting_disabled\" colspan=\"1\" rowspan=\"1\">quantity<\/th>\n<\/tr>\n<\/thead>\n<tbody class=\"row-hover\">\n<tr class=\"row-2 even\">\n<td class=\"column-1\">PMPG-65-900(X12)<\/td>\n<td class=\"column-2\">jasno\u017c\u00f3\u0142ty<\/td>\n<td class=\"column-3\">12szt<\/td>\n<\/tr>\n<\/tbody>\n<\/table>\n<\/div>\n<\/div>","protected":false},"featured_media":406,"template":"","meta":[],"product_cat":[34],"product_tag":[],"_links":{"self":[{"href":"https:\/\/factorymarket.ee\/klimas\/et\/wp-json\/wp\/v3\/product\/339"}],"collection":[{"href":"https:\/\/factorymarket.ee\/klimas\/et\/wp-json\/wp\/v3\/product"}],"about":[{"href":"https:\/\/factorymarket.ee\/klimas\/et\/wp-json\/wp\/v2\/types\/product"}],"wp:featuredmedia":[{"embeddable":true,"href":"https:\/\/factorymarket.ee\/klimas\/et\/wp-json\/wp\/v2\/media\/406"}],"wp:attachment":[{"href":"https:\/\/factorymarket.ee\/klimas\/et\/wp-json\/wp\/v2\/media?parent=339"}],"wp:term":[{"taxonomy":"product_cat","embeddable":true,"href":"https:\/\/factorymarket.ee\/klimas\/et\/wp-json\/wp\/v2\/product_cat?post=339"},{"taxonomy":"product_tag","embeddable":true,"href":"https:\/\/factorymarket.ee\/klimas\/et\/wp-json\/wp\/v2\/product_tag?post=339"}],"curies":[{"name":"wp","href":"https:\/\/api.w.org\/{rel}","templated":true}]}}